{"id":3918,"date":"2021-02-18T17:01:42","date_gmt":"2021-02-18T17:01:42","guid":{"rendered":"https:\/\/www.temopese.it\/?page_id=3918"},"modified":"2021-02-18T17:01:42","modified_gmt":"2021-02-18T17:01:42","slug":"storia","status":"publish","type":"page","link":"https:\/\/www.temopese.it\/fr\/storia\/","title":{"rendered":"Histoire"},"content":{"rendered":"<div class=\"wpb-content-wrapper\"><div class=\"vc_row wpb_row vc_row-fluid\"><div class=\"wpb_column vc_column_container vc_col-sm-12\"><div class=\"vc_column-inner\"><div class=\"wpb_wrapper\">\n\t<div class=\"wpb_text_column wpb_content_element\" >\n\t\t<div class=\"wpb_wrapper\">\n\t\t\t<p>L\u00e0 <strong>JE PEUX PESER<\/strong> Bilance Industriali est n\u00e9e en 1892.<\/p>\n<p>La passion pour notre travail nous a engag\u00e9s dans une croissance constante soutenue par la validit\u00e9 des r\u00e9sultats. L&#039;entreprise s&#039;est imm\u00e9diatement plac\u00e9e au plus haut niveau du march\u00e9 des balances \u00e9lectroniques industrielles, des ponts-bascules, des syst\u00e8mes de pesage et du pesage industriel.<\/p>\n<p>Innovation, passion, relation avec les clients, contact direct, comp\u00e9tences, connaissance des structures d&#039;approvisionnement et de distribution; ils nous donnent la force, le courage et la juste conviction pour poursuivre ce d\u00e9fi, soutenus par une nouvelle vision entrepreneuriale combin\u00e9e \u00e0 l&#039;exp\u00e9rience acquise en plus de 120 ans dans le secteur.<\/p>\n<p>L&#039;objectif de l&#039;entreprise reste celui de repr\u00e9senter un acteur de premier plan dans le secteur du pesage industriel, avec une r\u00e9f\u00e9rence particuli\u00e8re aux syst\u00e8mes de pesage \u00e9lectronique, ponts bascules, poids lourds.<\/p>\n<p>Tous les syst\u00e8mes de pesage TEMO PESE sont conformes \u00e0 la r\u00e9glementation en vigueur, l&#039;entreprise garantit ses produits \u00e0 travers le SYST\u00c8ME DE QUALIT\u00c9 DE L&#039;ENTREPRISE ISO 9001 et le marquage CE.<\/p>\n\n\t\t<\/div>\n\t<\/div>\n\t\t\t<div id=\"wd-602e9c4b28e4a\" class=\"wd-text-block-wrapper wd-wpb wd-rs-602e9c4b28e4a color-scheme-dark text-left vc_custom_1613667489814\">\n\t\t\t\t<div class=\"woodmart-title-container woodmart-text-block reset-last-child font-primary wd-font-weight-500\">\n\t\t\t\t\tLa gamme d&#039;instruments utilis\u00e9s pour le pesage comprend:\t\t\t\t<\/div>\n\n\t\t\t\t\t\t\t<\/div>\n\t\t\n\t\t<ul class=\"wd-rs-602e9b64f279b wd-list wd-wpb color-scheme- wd-fontsize-xs wd-type-icon wd-style-default text-left\" id=\"wd-602e9b64f279b\">\n\t\t\t\t\t\t\t\t\t\t\t<li>\n\t\t\t\t\t<span class=\"wd-icon list-icon fas fa-balance-scale\"><\/span>\n\t\t\t\t\t<span class=\"wd-list-content list-content\">\n\t\t\t\t\t\t\t\t\t\t\t\t\tPonts bascules modulaires en m\u00e9tal, \u00e9lectroniques, avec capteurs de pesage en acier inoxydable IP68, \u00e0 installer sous terre dans une fosse de 48 cm de profondeur\t\t\t\t\t\t\t\t\t\t\t<\/span>\n\t\t\t\t<\/li>\n\t\t\t\t\t\t\t\t\t\t\t<li>\n\t\t\t\t\t<span class=\"wd-icon list-icon fas fa-balance-scale\"><\/span>\n\t\t\t\t\t<span class=\"wd-list-content list-content\">\n\t\t\t\t\t\t\t\t\t\t\t\t\tPonts bascules m\u00e9talliques modulaires, \u00e9lectroniques, avec capteurs de pesage en acier inoxydable IP68 \u00e0 monter au-dessus du sol\t\t\t\t\t\t\t\t\t\t\t<\/span>\n\t\t\t\t<\/li>\n\t\t\t\t\t\t\t\t\t\t\t<li>\n\t\t\t\t\t<span class=\"wd-icon list-icon fas fa-balance-scale\"><\/span>\n\t\t\t\t\t<span class=\"wd-list-content list-content\">\n\t\t\t\t\t\t\t\t\t\t\t\t\tFosse universelle pr\u00e9fabriqu\u00e9e en b\u00e9ton arm\u00e9 vibr\u00e9 sp\u00e9cialement con\u00e7ue pour abriter nos ponts bascules\t\t\t\t\t\t\t\t\t\t\t<\/span>\n\t\t\t\t<\/li>\n\t\t\t\t\t\t\t\t\t\t\t<li>\n\t\t\t\t\t<span class=\"wd-icon list-icon fas fa-balance-scale\"><\/span>\n\t\t\t\t\t<span class=\"wd-list-content list-content\">\n\t\t\t\t\t\t\t\t\t\t\t\t\tPonts bascules en b\u00e9ton arm\u00e9 vibr\u00e9\t\t\t\t\t\t\t\t\t\t\t<\/span>\n\t\t\t\t<\/li>\n\t\t\t\t\t\t\t\t\t\t\t<li>\n\t\t\t\t\t<span class=\"wd-icon list-icon fas fa-balance-scale\"><\/span>\n\t\t\t\t\t<span class=\"wd-list-content list-content\">\n\t\t\t\t\t\t\t\t\t\t\t\t\tPonts bascules en solution mixte, qui assurent le remplissage en b\u00e9ton du coffrage constituant les balances elles-m\u00eames\t\t\t\t\t\t\t\t\t\t\t<\/span>\n\t\t\t\t<\/li>\n\t\t\t\t\t\t\t\t\t\t\t<li>\n\t\t\t\t\t<span class=\"wd-icon list-icon fas fa-balance-scale\"><\/span>\n\t\t\t\t\t<span class=\"wd-list-content list-content\">\n\t\t\t\t\t\t\t\t\t\t\t\t\tBalances \u00e9lectroniques\t\t\t\t\t\t\t\t\t\t\t<\/span>\n\t\t\t\t<\/li>\n\t\t\t\t\t\t\t\t\t\t\t<li>\n\t\t\t\t\t<span class=\"wd-icon list-icon fas fa-balance-scale\"><\/span>\n\t\t\t\t\t<span class=\"wd-list-content list-content\">\n\t\t\t\t\t\t\t\t\t\t\t\t\tTerminaux de pesage\t\t\t\t\t\t\t\t\t\t\t<\/span>\n\t\t\t\t<\/li>\n\t\t\t\t\t\t\t\t\t\t\t<li>\n\t\t\t\t\t<span class=\"wd-icon list-icon fas fa-balance-scale\"><\/span>\n\t\t\t\t\t<span class=\"wd-list-content list-content\">\n\t\t\t\t\t\t\t\t\t\t\t\t\tDynamom\u00e8tres\t\t\t\t\t\t\t\t\t\t\t<\/span>\n\t\t\t\t<\/li>\n\t\t\t\t\t\t\t\t\t\t\t<li>\n\t\t\t\t\t<span class=\"wd-icon list-icon fas fa-balance-scale\"><\/span>\n\t\t\t\t\t<span class=\"wd-list-content list-content\">\n\t\t\t\t\t\t\t\t\t\t\t\t\tPesage dynamique\t\t\t\t\t\t\t\t\t\t\t<\/span>\n\t\t\t\t<\/li>\n\t\t\t\t\t\t\t\t\t\t\t<li>\n\t\t\t\t\t<span class=\"wd-icon list-icon fas fa-balance-scale\"><\/span>\n\t\t\t\t\t<span class=\"wd-list-content list-content\">\n\t\t\t\t\t\t\t\t\t\t\t\t\tPortail E-Commerce d\u00e9di\u00e9 au pesage industriel et aux entreprises commerciales.\t\t\t\t\t\t\t\t\t\t\t<\/span>\n\t\t\t\t<\/li>\n\t\t\t\t\t<\/ul>\n\t\t\t\t<div id=\"gallery_306\" class=\"wd-images-gallery wd-wpb photoswipe-images\" style=\"--wd-justify-content:center;--wd-align-items:center;\">\n\t\t\t\n\t\t\t<div class=\"wd-grid-g\" style=\"--wd-col-lg:6;--wd-col-md:4;--wd-col-sm:2;--wd-gap-lg:30px;--wd-gap-sm:10px;\">\n\t\t\t\t\n\t\t\t\t\t\t\t\t\t\t\t\t\t\t\t<div class=\"wd-gallery-item wd-col\">\n\t\t\t\t\t\t\t\t\t\t\t\t\t\t<a href=\"https:\/\/www.temopese.it\/wp-content\/uploads\/IMG_1098passato-targa.jpg\" data-elementor-open-lightbox=\"no\" data-index=\"1\" data-width=\"960\" data-height=\"408\" \n\t\t\t\t\t\t\t\t\t\t\t\t >\n\t\t\t\t\t\t\t\t\n\t\t\t\t\t\t\t\t<img loading=\"lazy\" decoding=\"async\" width=\"200\" height=\"200\" src=\"https:\/\/www.temopese.it\/wp-content\/uploads\/IMG_1098passato-targa-200x200.jpg\" class=\"wd-gallery-image image-1\" alt=\"\" \/>\n\t\t\t\t\t\t\t\t\t\t\t\t\t\t\t<\/a>\n\t\t\t\t\t\t\t\t\t\t\t\t<\/div>\n\t\t\t\t\t\t\t\t\t\t\t<div class=\"wd-gallery-item wd-col\">\n\t\t\t\t\t\t\t\t\t\t\t\t\t\t<a href=\"https:\/\/www.temopese.it\/wp-content\/uploads\/IMG_1099.jpg\" data-elementor-open-lightbox=\"no\" data-index=\"2\" data-width=\"1280\" data-height=\"1001\" \n\t\t\t\t\t\t\t\t\t\t\t\t >\n\t\t\t\t\t\t\t\t\n\t\t\t\t\t\t\t\t<img loading=\"lazy\" decoding=\"async\" width=\"200\" height=\"200\" src=\"https:\/\/www.temopese.it\/wp-content\/uploads\/IMG_1099-200x200.jpg\" class=\"wd-gallery-image image-2\" alt=\"\" \/>\n\t\t\t\t\t\t\t\t\t\t\t\t\t\t\t<\/a>\n\t\t\t\t\t\t\t\t\t\t\t\t<\/div>\n\t\t\t\t\t\t\t\t\t\t\t<div class=\"wd-gallery-item wd-col\">\n\t\t\t\t\t\t\t\t\t\t\t\t\t\t<a href=\"https:\/\/www.temopese.it\/wp-content\/uploads\/IMG_1101passato11.jpg\" data-elementor-open-lightbox=\"no\" data-index=\"3\" data-width=\"600\" data-height=\"298\" \n\t\t\t\t\t\t\t\t\t\t\t\t >\n\t\t\t\t\t\t\t\t\n\t\t\t\t\t\t\t\t<img loading=\"lazy\" decoding=\"async\" width=\"200\" height=\"200\" src=\"https:\/\/www.temopese.it\/wp-content\/uploads\/IMG_1101passato11-200x200.jpg\" class=\"wd-gallery-image image-3\" alt=\"\" \/>\n\t\t\t\t\t\t\t\t\t\t\t\t\t\t\t<\/a>\n\t\t\t\t\t\t\t\t\t\t\t\t<\/div>\n\t\t\t\t\t\t\t\t\t\t\t<div class=\"wd-gallery-item wd-col\">\n\t\t\t\t\t\t\t\t\t\t\t\t\t\t<a href=\"https:\/\/www.temopese.it\/wp-content\/uploads\/IMG_1096passto-41.jpg\" data-elementor-open-lightbox=\"no\" data-index=\"4\" data-width=\"960\" data-height=\"720\" \n\t\t\t\t\t\t\t\t\t\t\t\t >\n\t\t\t\t\t\t\t\t\n\t\t\t\t\t\t\t\t<img loading=\"lazy\" decoding=\"async\" width=\"200\" height=\"200\" src=\"https:\/\/www.temopese.it\/wp-content\/uploads\/IMG_1096passto-41-200x200.jpg\" class=\"wd-gallery-image image-4\" alt=\"\" \/>\n\t\t\t\t\t\t\t\t\t\t\t\t\t\t\t<\/a>\n\t\t\t\t\t\t\t\t\t\t\t\t<\/div>\n\t\t\t\t\t\t\t\t\t\t\t<div class=\"wd-gallery-item wd-col\">\n\t\t\t\t\t\t\t\t\t\t\t\t\t\t<a href=\"https:\/\/www.temopese.it\/wp-content\/uploads\/IMG_1091passato3.jpg\" data-elementor-open-lightbox=\"no\" data-index=\"5\" data-width=\"1280\" data-height=\"960\" \n\t\t\t\t\t\t\t\t\t\t\t\t >\n\t\t\t\t\t\t\t\t\n\t\t\t\t\t\t\t\t<img loading=\"lazy\" decoding=\"async\" width=\"200\" height=\"200\" src=\"https:\/\/www.temopese.it\/wp-content\/uploads\/IMG_1091passato3-200x200.jpg\" class=\"wd-gallery-image image-5\" alt=\"\" \/>\n\t\t\t\t\t\t\t\t\t\t\t\t\t\t\t<\/a>\n\t\t\t\t\t\t\t\t\t\t\t\t<\/div>\n\t\t\t\t\t\t\t\t\t\t\t<div class=\"wd-gallery-item wd-col\">\n\t\t\t\t\t\t\t\t\t\t\t\t\t\t<a href=\"https:\/\/www.temopese.it\/wp-content\/uploads\/IMG_1110.png\" data-elementor-open-lightbox=\"no\" data-index=\"6\" data-width=\"377\" data-height=\"283\" \n\t\t\t\t\t\t\t\t\t\t\t\t >\n\t\t\t\t\t\t\t\t\n\t\t\t\t\t\t\t\t<img loading=\"lazy\" decoding=\"async\" width=\"200\" height=\"200\" src=\"https:\/\/www.temopese.it\/wp-content\/uploads\/IMG_1110-200x200.png\" class=\"wd-gallery-image image-6\" alt=\"\" \/>\n\t\t\t\t\t\t\t\t\t\t\t\t\t\t\t<\/a>\n\t\t\t\t\t\t\t\t\t\t\t\t<\/div>\n\t\t\t\t\t\t\t\t\t\n\t\t\t\t\t\t\t<\/div>\n\n\t\t\t\t\t<\/div>\n\t\t<\/div><\/div><\/div><\/div>\n<\/div>","protected":false},"excerpt":{"rendered":"TEMO PESE Bilance Industriali est n\u00e9 en 1892. La passion pour notre travail nous a engag\u00e9s dans une croissance","protected":false},"author":13,"featured_media":0,"parent":0,"menu_order":0,"comment_status":"closed","ping_status":"closed","template":"","meta":{"footnotes":""},"class_list":["post-3918","page","type-page","status-publish","hentry"],"_links":{"self":[{"href":"https:\/\/www.temopese.it\/fr\/wp-json\/wp\/v2\/pages\/3918","targetHints":{"allow":["GET"]}}],"collection":[{"href":"https:\/\/www.temopese.it\/fr\/wp-json\/wp\/v2\/pages"}],"about":[{"href":"https:\/\/www.temopese.it\/fr\/wp-json\/wp\/v2\/types\/page"}],"author":[{"embeddable":true,"href":"https:\/\/www.temopese.it\/fr\/wp-json\/wp\/v2\/users\/13"}],"replies":[{"embeddable":true,"href":"https:\/\/www.temopese.it\/fr\/wp-json\/wp\/v2\/comments?post=3918"}],"version-history":[{"count":0,"href":"https:\/\/www.temopese.it\/fr\/wp-json\/wp\/v2\/pages\/3918\/revisions"}],"wp:attachment":[{"href":"https:\/\/www.temopese.it\/fr\/wp-json\/wp\/v2\/media?parent=3918"}],"curies":[{"name":"wp","href":"https:\/\/api.w.org\/{rel}","templated":true}]}}